{"id":3254,"date":"2024-06-24T12:14:54","date_gmt":"2024-06-24T12:14:54","guid":{"rendered":"https:\/\/paujeskajete.com\/?page_id=3254"},"modified":"2024-11-12T10:42:51","modified_gmt":"2024-11-12T10:42:51","slug":"ndertimi-i-shtepizave","status":"publish","type":"page","link":"https:\/\/paujeskajete.com\/al\/ndertimi-i-shtepizave\/","title":{"rendered":"Ndertimi i Shtepizave"},"content":{"rendered":"\t\t<div data-elementor-type=\"wp-page\" data-elementor-id=\"3254\" class=\"elementor elementor-3254\">\n\t\t\t\t<div class=\"elementor-element elementor-element-4220e43e e-con-full e-flex e-con e-parent\" data-id=\"4220e43e\" data-element_type=\"container\" data-e-type=\"container\">\n\t\t<div class=\"elementor-element elementor-element-1252c3ed e-con-full e-flex e-con e-child\" data-id=\"1252c3ed\" data-element_type=\"container\" data-e-type=\"container\">\n\t\t\t\t<div class=\"elementor-element elementor-element-405e0f9 elementor-widget elementor-widget-video\" data-id=\"405e0f9\" data-element_type=\"widget\" data-e-type=\"widget\" data-settings=\"{&quot;youtube_url&quot;:&quot;https:\\\/\\\/youtu.be\\\/SpMt1Q-xxQI?si=CgkpsVFZ3m09kgLO&quot;,&quot;autoplay&quot;:&quot;yes&quot;,&quot;play_on_mobile&quot;:&quot;yes&quot;,&quot;video_type&quot;:&quot;youtube&quot;,&quot;controls&quot;:&quot;yes&quot;}\" data-widget_type=\"video.default\">\n\t\t\t\t<div class=\"elementor-widget-container\">\n\t\t\t\t\t\t\t<div class=\"elementor-wrapper elementor-open-inline\">\n\t\t\t<div class=\"elementor-video\"><\/div>\t\t<\/div>\n\t\t\t\t\t\t<\/div>\n\t\t\t\t<\/div>\n\t\t\t\t<\/div>\n\t\t<div class=\"elementor-element elementor-element-58eed524 e-con-full e-flex e-con e-child\" data-id=\"58eed524\" data-element_type=\"container\" data-e-type=\"container\">\n\t\t\t\t<div class=\"elementor-element elementor-element-1a6975e4 elementor-widget elementor-widget-project-info\" data-id=\"1a6975e4\" data-element_type=\"widget\" data-e-type=\"widget\" data-widget_type=\"project-info.default\">\n\t\t\t\t<div class=\"elementor-widget-container\">\n\t\t\t\t\t\r\n        <div class=\"project__details-info\">\r\n                            <h4 class=\"title\">Modelet:<\/h4>\r\n                        <ul class=\"list-wrap\">\r\n                                    <li><span>Sht\u00ebpiza:<\/span>T\u00eb vogla<\/li>\r\n                                    <li><span>Location:<\/span>Afrik\u00eb, Pakistan &amp; Indi<\/li>\r\n                                <li class=\"social\">\r\n                                        <ul class=\"list-wrap project-social\">\r\n                                                    <li><a href=\"\"><i aria-hidden=\"true\" class=\"genix flaticon-handshake\"><\/i><\/a><\/li>\r\n                                            <\/ul>\r\n                <\/li>\r\n            <\/ul>\r\n        <\/div>\r\n\r\n\t\t\t\t<\/div>\n\t\t\t\t<\/div>\n\t\t\t\t<\/div>\n\t\t\t\t<\/div>\n\t\t<div class=\"elementor-element elementor-element-608afe4 e-con-full e-flex e-con e-parent\" data-id=\"608afe4\" data-element_type=\"container\" data-e-type=\"container\">\n\t\t\t\t<div class=\"elementor-element elementor-element-300768a7 elementor-widget elementor-widget-heading\" data-id=\"300768a7\" data-element_type=\"widget\" data-e-type=\"widget\" data-widget_type=\"heading.default\">\n\t\t\t\t<div class=\"elementor-widget-container\">\n\t\t\t\t\t<h2 class=\"elementor-heading-title elementor-size-default\">Nd\u00ebrtimi i Sht\u00ebpizave.<\/h2>\t\t\t\t<\/div>\n\t\t\t\t<\/div>\n\t\t\t\t<div class=\"elementor-element elementor-element-6636cff7 elementor-widget elementor-widget-heading\" data-id=\"6636cff7\" data-element_type=\"widget\" data-e-type=\"widget\" data-widget_type=\"heading.default\">\n\t\t\t\t<div class=\"elementor-widget-container\">\n\t\t\t\t\t<p class=\"elementor-heading-title elementor-size-default\">Familjet e p\u00ebrzgjedhura jetojn\u00eb n\u00eb kushte t\u00eb mjerueshme p\u00ebr shkak t\u00eb varf\u00ebris\u00eb s\u00eb skajshme dhe sht\u00ebpive t\u00eb nd\u00ebrtuara keq nga balta me kapacitet shum\u00eb t\u00eb kufizuar. Asnj\u00eb sht\u00ebpi e vetme nuk ka nj\u00eb tualet t\u00eb duhur q\u00eb rrit ekspozimin ndaj rreziqeve ve\u00e7an\u00ebrisht p\u00ebr grat\u00eb dhe f\u00ebmij\u00ebt. N\u00eb fshat po praktikohet defekimi i hapur i cili \u00ebsht\u00eb shkaktar i s\u00ebmundjeve dhe kushteve johigjienike.<\/p>\t\t\t\t<\/div>\n\t\t\t\t<\/div>\n\t\t\t\t<div class=\"elementor-element elementor-element-15207885 elementor-widget elementor-widget-heading\" data-id=\"15207885\" data-element_type=\"widget\" data-e-type=\"widget\" data-widget_type=\"heading.default\">\n\t\t\t\t<div class=\"elementor-widget-container\">\n\t\t\t\t\t<p class=\"elementor-heading-title elementor-size-default\">Ky projekt synon t\u00eb sjell\u00eb shpres\u00eb dhe g\u00ebzim n\u00eb jet\u00ebn e familjeve vulnerab\u00ebl q\u00eb jetojn\u00eb n\u00eb varf\u00ebri ekstreme brenda rrethit. Kjo do t'u mund\u00ebsoj\u00eb atyre t\u00eb jetojn\u00eb jet\u00eb t\u00eb sh\u00ebndetshme dhe t\u00eb begat\u00eb me akses n\u00eb t\u00eb gjitha objektet baz\u00eb.<\/p>\t\t\t\t<\/div>\n\t\t\t\t<\/div>\n\t\t\t\t<\/div>\n\t\t<div class=\"elementor-element elementor-element-7003da9b e-con-full e-flex e-con e-parent\" data-id=\"7003da9b\" data-element_type=\"container\" data-e-type=\"container\">\n\t\t<div class=\"elementor-element elementor-element-4bd3af50 e-con-full e-flex e-con e-child\" data-id=\"4bd3af50\" data-element_type=\"container\" data-e-type=\"container\">\n\t\t\t\t<div class=\"elementor-element elementor-element-688e2787 elementor-widget elementor-widget-heading\" data-id=\"688e2787\" data-element_type=\"widget\" data-e-type=\"widget\" data-widget_type=\"heading.default\">\n\t\t\t\t<div class=\"elementor-widget-container\">\n\t\t\t\t\t<h2 class=\"elementor-heading-title elementor-size-default\">Ne duam q\u00eb t\u00eb ofrojm\u00eb nj\u00eb sht\u00ebpi t\u00eb dashur p\u00ebr jetim\u00ebt n\u00eb Pakistan!<\/h2>\t\t\t\t<\/div>\n\t\t\t\t<\/div>\n\t\t\t\t<div class=\"elementor-element elementor-element-5bbd3ab5 elementor-widget elementor-widget-heading\" data-id=\"5bbd3ab5\" data-element_type=\"widget\" data-e-type=\"widget\" data-widget_type=\"heading.default\">\n\t\t\t\t<div class=\"elementor-widget-container\">\n\t\t\t\t\t<p class=\"elementor-heading-title elementor-size-default\">\nGati 4 milion\u00eb jetim\u00eb n\u00eb Pakistan p\u00ebrballen me nj\u00eb luft\u00eb t\u00eb p\u00ebrditshme p\u00ebr mbijetes\u00eb. Ne jemi n\u00eb nj\u00eb mision p\u00ebr ta ndryshuar at\u00eb, ndihmoni edhe ju em aq sa keni mund\u00ebsi!<\/p>\t\t\t\t<\/div>\n\t\t\t\t<\/div>\n\t\t\t\t<\/div>\n\t\t<div class=\"elementor-element elementor-element-6e3f35e0 e-con-full e-flex e-con e-child\" data-id=\"6e3f35e0\" data-element_type=\"container\" data-e-type=\"container\">\n\t\t\t\t<div class=\"elementor-element elementor-element-43aee62f elementor-widget elementor-widget-image\" data-id=\"43aee62f\" data-element_type=\"widget\" data-e-type=\"widget\" data-widget_type=\"image.default\">\n\t\t\t\t<div class=\"elementor-widget-container\">\n\t\t\t\t\t\t\t\t\t\t\t\t\t\t\t<img fetchpriority=\"high\" decoding=\"async\" width=\"1600\" height=\"900\" src=\"https:\/\/paujeskajete.com\/wp-content\/uploads\/2024\/06\/Organizata-Pa-Uje-Ska-Jete.jpg\" class=\"attachment-full size-full wp-image-3113\" alt=\"\" srcset=\"https:\/\/paujeskajete.com\/wp-content\/uploads\/2024\/06\/Organizata-Pa-Uje-Ska-Jete.jpg 1600w, https:\/\/paujeskajete.com\/wp-content\/uploads\/2024\/06\/Organizata-Pa-Uje-Ska-Jete-300x169.jpg 300w, https:\/\/paujeskajete.com\/wp-content\/uploads\/2024\/06\/Organizata-Pa-Uje-Ska-Jete-1024x576.jpg 1024w, https:\/\/paujeskajete.com\/wp-content\/uploads\/2024\/06\/Organizata-Pa-Uje-Ska-Jete-768x432.jpg 768w, https:\/\/paujeskajete.com\/wp-content\/uploads\/2024\/06\/Organizata-Pa-Uje-Ska-Jete-1536x864.jpg 1536w\" sizes=\"(max-width: 1600px) 100vw, 1600px\" \/>\t\t\t\t\t\t\t\t\t\t\t\t\t\t\t<\/div>\n\t\t\t\t<\/div>\n\t\t\t\t<\/div>\n\t\t\t\t<\/div>\n\t\t<div class=\"elementor-element elementor-element-2016023 e-flex e-con-boxed e-con e-parent\" data-id=\"2016023\" data-element_type=\"container\" data-e-type=\"container\" data-settings=\"{&quot;background_background&quot;:&quot;classic&quot;}\">\n\t\t\t\t\t<div class=\"e-con-inner\">\n\t\t<div class=\"elementor-element elementor-element-5ab6af2 e-con-full e-flex e-con e-child\" data-id=\"5ab6af2\" data-element_type=\"container\" data-e-type=\"container\" data-settings=\"{&quot;background_background&quot;:&quot;classic&quot;}\">\n\t\t\t\t<div class=\"elementor-element elementor-element-f1cd771 request__content-title elementor-widget elementor-widget-heading\" data-id=\"f1cd771\" data-element_type=\"widget\" data-e-type=\"widget\" data-widget_type=\"heading.default\">\n\t\t\t\t<div class=\"elementor-widget-container\">\n\t\t\t\t\t<h2 class=\"elementor-heading-title elementor-size-default\"><span>NJ\u00cb PIK\u00cb UJ\u00cb<\/span> NJ\u00cb BUZ\u00cbQESHJE!<\/h2>\t\t\t\t<\/div>\n\t\t\t\t<\/div>\n\t\t\t\t<div class=\"elementor-element elementor-element-7add63a elementor-widget elementor-widget-tg-phone\" data-id=\"7add63a\" data-element_type=\"widget\" data-e-type=\"widget\" data-widget_type=\"tg-phone.default\">\n\t\t\t\t<div class=\"elementor-widget-container\">\n\t\t\t\t\t\r\n                    <div class=\"tg-phone\">\r\n                <div class=\"icon\">\r\n                    <i class=\"flaticon-phone-call\"><\/i>\r\n                <\/div>\r\n                <div class=\"content\">\r\n                                            <span>Tel \/ Viber \/ WhatsApp<\/span>\r\n                                                                <a href=\"tel:+49 176 81317154\">+49 176 81317154<\/a>\r\n                                    <\/div>\r\n            <\/div>\r\n        \t\t\t\t<\/div>\n\t\t\t\t<\/div>\n\t\t\t\t<div class=\"elementor-element elementor-element-e8903cc elementor-widget elementor-widget-tg-btn\" data-id=\"e8903cc\" data-element_type=\"widget\" data-e-type=\"widget\" data-widget_type=\"tg-btn.default\">\n\t\t\t\t<div class=\"elementor-widget-container\">\n\t\t\t\t\t\r\n\r\n        \r\n                            <a href=\"\/kontakt\" target=\"_blank\" rel=\"nofollow\" class=\"btn\">\r\n                    Na Kontaktoni                <\/a>\r\n            \r\n        \r\n\t\t\t\t<\/div>\n\t\t\t\t<\/div>\n\t\t\t\t<\/div>\n\t\t\t\t\t<\/div>\n\t\t\t\t<\/div>\n\t\t\t\t<\/div>\n\t\t","protected":false},"excerpt":{"rendered":"<p>Modelet: Sht\u00ebpiza:T\u00eb vogla Location:Afrik\u00eb, Pakistan &amp; Indi Nd\u00ebrtimi i Sht\u00ebpizave. Familjet e p\u00ebrzgjedhura jetojn\u00eb n\u00eb kushte t\u00eb mjerueshme p\u00ebr shkak t\u00eb varf\u00ebris\u00eb s\u00eb skajshme dhe sht\u00ebpive t\u00eb nd\u00ebrtuara keq nga balta me kapacitet shum\u00eb t\u00eb kufizuar. Asnj\u00eb sht\u00ebpi e vetme nuk ka nj\u00eb tualet t\u00eb duhur q\u00eb rrit ekspozimin ndaj rreziqeve ve\u00e7an\u00ebrisht p\u00ebr grat\u00eb dhe [&hellip;]<\/p>\n","protected":false},"author":1,"featured_media":0,"parent":0,"menu_order":0,"comment_status":"closed","ping_status":"closed","template":"","meta":{"_acf_changed":false,"footnotes":""},"class_list":["post-3254","page","type-page","status-publish","hentry"],"acf":[],"aioseo_notices":[],"_links":{"self":[{"href":"https:\/\/paujeskajete.com\/al\/wp-json\/wp\/v2\/pages\/3254","targetHints":{"allow":["GET"]}}],"collection":[{"href":"https:\/\/paujeskajete.com\/al\/wp-json\/wp\/v2\/pages"}],"about":[{"href":"https:\/\/paujeskajete.com\/al\/wp-json\/wp\/v2\/types\/page"}],"author":[{"embeddable":true,"href":"https:\/\/paujeskajete.com\/al\/wp-json\/wp\/v2\/users\/1"}],"replies":[{"embeddable":true,"href":"https:\/\/paujeskajete.com\/al\/wp-json\/wp\/v2\/comments?post=3254"}],"version-history":[{"count":35,"href":"https:\/\/paujeskajete.com\/al\/wp-json\/wp\/v2\/pages\/3254\/revisions"}],"predecessor-version":[{"id":3583,"href":"https:\/\/paujeskajete.com\/al\/wp-json\/wp\/v2\/pages\/3254\/revisions\/3583"}],"wp:attachment":[{"href":"https:\/\/paujeskajete.com\/al\/wp-json\/wp\/v2\/media?parent=3254"}],"curies":[{"name":"wp","href":"https:\/\/api.w.org\/{rel}","templated":true}]}}