{"id":3406,"date":"2024-07-03T16:47:10","date_gmt":"2024-07-03T16:47:10","guid":{"rendered":"https:\/\/paujeskajete.com\/?page_id=3406"},"modified":"2024-10-10T11:21:23","modified_gmt":"2024-10-10T11:21:23","slug":"sadaka-ndihma","status":"publish","type":"page","link":"https:\/\/paujeskajete.com\/al\/sadaka-ndihma\/","title":{"rendered":"Sadaka &#038; Ndihma"},"content":{"rendered":"\t\t<div data-elementor-type=\"wp-page\" data-elementor-id=\"3406\" class=\"elementor elementor-3406\">\n\t\t\t\t<div class=\"elementor-element elementor-element-c7b55c1 e-flex e-con-boxed e-con e-parent\" data-id=\"c7b55c1\" data-element_type=\"container\" data-e-type=\"container\" data-settings=\"{&quot;background_background&quot;:&quot;classic&quot;}\">\n\t\t\t\t\t<div class=\"e-con-inner\">\n\t\t<div class=\"elementor-element elementor-element-e47dbff e-con-full e-flex e-con e-child\" data-id=\"e47dbff\" data-element_type=\"container\" data-e-type=\"container\" data-settings=\"{&quot;background_background&quot;:&quot;classic&quot;}\">\n\t\t\t\t<div class=\"elementor-element elementor-element-030efc4 request__content-title elementor-widget elementor-widget-heading\" data-id=\"030efc4\" data-element_type=\"widget\" data-e-type=\"widget\" data-widget_type=\"heading.default\">\n\t\t\t\t<div class=\"elementor-widget-container\">\n\t\t\t\t\t<h2 class=\"elementor-heading-title elementor-size-default\"><span>NJ\u00cb PIK\u00cb UJ\u00cb<\/span> NJ\u00cb BUZ\u00cbQESHJE!<\/h2>\t\t\t\t<\/div>\n\t\t\t\t<\/div>\n\t\t\t\t<div class=\"elementor-element elementor-element-d7a7126 elementor-widget elementor-widget-tg-phone\" data-id=\"d7a7126\" data-element_type=\"widget\" data-e-type=\"widget\" data-widget_type=\"tg-phone.default\">\n\t\t\t\t<div class=\"elementor-widget-container\">\n\t\t\t\t\t\r\n                    <div class=\"tg-phone\">\r\n                <div class=\"icon\">\r\n                    <i class=\"flaticon-phone-call\"><\/i>\r\n                <\/div>\r\n                <div class=\"content\">\r\n                                            <span>Tel \/ Viber \/ WhatsApp<\/span>\r\n                                                                <a href=\"tel:+49 176 81317154\">+49 176 81317154<\/a>\r\n                                    <\/div>\r\n            <\/div>\r\n        \t\t\t\t<\/div>\n\t\t\t\t<\/div>\n\t\t\t\t<div class=\"elementor-element elementor-element-ffa35a5 elementor-widget elementor-widget-tg-btn\" data-id=\"ffa35a5\" data-element_type=\"widget\" data-e-type=\"widget\" data-widget_type=\"tg-btn.default\">\n\t\t\t\t<div class=\"elementor-widget-container\">\n\t\t\t\t\t\r\n\r\n        \r\n                            <a href=\"\/kontakt\" target=\"_blank\" rel=\"nofollow\" class=\"btn\">\r\n                    Na Kontaktoni                <\/a>\r\n            \r\n        \r\n\t\t\t\t<\/div>\n\t\t\t\t<\/div>\n\t\t\t\t<\/div>\n\t\t\t\t\t<\/div>\n\t\t\t\t<\/div>\n\t\t\t\t<\/div>\n\t\t","protected":false},"excerpt":{"rendered":"<p>NJ\u00cb PIK\u00cb UJ\u00cb NJ\u00cb BUZ\u00cbQESHJE! Tel \/ Viber \/ WhatsApp +49 176 81317154 Na Kontaktoni<\/p>\n","protected":false},"author":1,"featured_media":0,"parent":0,"menu_order":0,"comment_status":"closed","ping_status":"closed","template":"","meta":{"_acf_changed":false,"footnotes":""},"class_list":["post-3406","page","type-page","status-publish","hentry"],"acf":[],"aioseo_notices":[],"_links":{"self":[{"href":"https:\/\/paujeskajete.com\/al\/wp-json\/wp\/v2\/pages\/3406","targetHints":{"allow":["GET"]}}],"collection":[{"href":"https:\/\/paujeskajete.com\/al\/wp-json\/wp\/v2\/pages"}],"about":[{"href":"https:\/\/paujeskajete.com\/al\/wp-json\/wp\/v2\/types\/page"}],"author":[{"embeddable":true,"href":"https:\/\/paujeskajete.com\/al\/wp-json\/wp\/v2\/users\/1"}],"replies":[{"embeddable":true,"href":"https:\/\/paujeskajete.com\/al\/wp-json\/wp\/v2\/comments?post=3406"}],"version-history":[{"count":5,"href":"https:\/\/paujeskajete.com\/al\/wp-json\/wp\/v2\/pages\/3406\/revisions"}],"predecessor-version":[{"id":3524,"href":"https:\/\/paujeskajete.com\/al\/wp-json\/wp\/v2\/pages\/3406\/revisions\/3524"}],"wp:attachment":[{"href":"https:\/\/paujeskajete.com\/al\/wp-json\/wp\/v2\/media?parent=3406"}],"curies":[{"name":"wp","href":"https:\/\/api.w.org\/{rel}","templated":true}]}}