{"id":3455,"date":"2024-07-03T17:23:03","date_gmt":"2024-07-03T17:23:03","guid":{"rendered":"https:\/\/paujeskajete.com\/?page_id=3455"},"modified":"2024-11-12T10:39:33","modified_gmt":"2024-11-12T10:39:33","slug":"ndertimi-i-bunareve-puseve","status":"publish","type":"page","link":"https:\/\/paujeskajete.com\/al\/ndertimi-i-bunareve-puseve\/","title":{"rendered":"Ndertimi i Bunareve \/ Puseve"},"content":{"rendered":"\t\t<div data-elementor-type=\"wp-page\" data-elementor-id=\"3455\" class=\"elementor elementor-3455\">\n\t\t\t\t<div class=\"elementor-element elementor-element-d50de52 e-con-full e-flex e-con e-parent\" data-id=\"d50de52\" data-element_type=\"container\" data-e-type=\"container\">\n\t\t<div class=\"elementor-element elementor-element-e5aa262 e-con-full e-flex e-con e-child\" data-id=\"e5aa262\" data-element_type=\"container\" data-e-type=\"container\">\n\t\t\t\t<div class=\"elementor-element elementor-element-74ae6e8 elementor-widget elementor-widget-video\" data-id=\"74ae6e8\" data-element_type=\"widget\" data-e-type=\"widget\" data-settings=\"{&quot;youtube_url&quot;:&quot;https:\\\/\\\/youtu.be\\\/u11T_yjuq9A?si=M53jmIXZ5mXEMk9a&quot;,&quot;autoplay&quot;:&quot;yes&quot;,&quot;play_on_mobile&quot;:&quot;yes&quot;,&quot;video_type&quot;:&quot;youtube&quot;,&quot;controls&quot;:&quot;yes&quot;}\" data-widget_type=\"video.default\">\n\t\t\t\t<div class=\"elementor-widget-container\">\n\t\t\t\t\t\t\t<div class=\"elementor-wrapper elementor-open-inline\">\n\t\t\t<div class=\"elementor-video\"><\/div>\t\t<\/div>\n\t\t\t\t\t\t<\/div>\n\t\t\t\t<\/div>\n\t\t\t\t<\/div>\n\t\t<div class=\"elementor-element elementor-element-a4e11c6 e-con-full e-flex e-con e-child\" data-id=\"a4e11c6\" data-element_type=\"container\" data-e-type=\"container\">\n\t\t\t\t<div class=\"elementor-element elementor-element-16ae2b8 elementor-widget elementor-widget-project-info\" data-id=\"16ae2b8\" data-element_type=\"widget\" data-e-type=\"widget\" data-widget_type=\"project-info.default\">\n\t\t\t\t<div class=\"elementor-widget-container\">\n\t\t\t\t\t\r\n        <div class=\"project__details-info\">\r\n                            <h4 class=\"title\">Modelet:<\/h4>\r\n                        <ul class=\"list-wrap\">\r\n                                    <li><span>Me Pomp\u00eb Dore:<\/span>Manualisht<\/li>\r\n                                    <li><span>Me \u00c7ezme:<\/span>2 deri 18 \u00c7ezme<\/li>\r\n                                    <li><span>Location:<\/span>Afrik\u00eb, Pakistan &amp; Indi<\/li>\r\n                                <li class=\"social\">\r\n                                        <ul class=\"list-wrap project-social\">\r\n                                                    <li><a href=\"\"><\/a><\/li>\r\n                                            <\/ul>\r\n                <\/li>\r\n            <\/ul>\r\n        <\/div>\r\n\r\n\t\t\t\t<\/div>\n\t\t\t\t<\/div>\n\t\t\t\t<\/div>\n\t\t\t\t<\/div>\n\t\t<div class=\"elementor-element elementor-element-c094d26 e-flex e-con-boxed e-con e-parent\" data-id=\"c094d26\" data-element_type=\"container\" data-e-type=\"container\">\n\t\t\t\t\t<div class=\"e-con-inner\">\n\t\t<div class=\"elementor-element elementor-element-93f31b4 e-con-full e-flex e-con e-child\" data-id=\"93f31b4\" data-element_type=\"container\" data-e-type=\"container\">\n\t\t\t\t<div class=\"elementor-element elementor-element-cf8baf5 elementor-widget elementor-widget-video\" data-id=\"cf8baf5\" data-element_type=\"widget\" data-e-type=\"widget\" data-settings=\"{&quot;youtube_url&quot;:&quot;https:\\\/\\\/www.youtube.com\\\/watch?v=v4reE0YQJFQ&quot;,&quot;video_type&quot;:&quot;youtube&quot;,&quot;controls&quot;:&quot;yes&quot;}\" data-widget_type=\"video.default\">\n\t\t\t\t<div class=\"elementor-widget-container\">\n\t\t\t\t\t\t\t<div class=\"elementor-wrapper elementor-open-inline\">\n\t\t\t<div class=\"elementor-video\"><\/div>\t\t<\/div>\n\t\t\t\t\t\t<\/div>\n\t\t\t\t<\/div>\n\t\t\t\t<\/div>\n\t\t<div class=\"elementor-element elementor-element-1c98f09 e-con-full e-flex e-con e-child\" data-id=\"1c98f09\" data-element_type=\"container\" data-e-type=\"container\">\n\t\t\t\t<div class=\"elementor-element elementor-element-8202956 elementor-widget elementor-widget-video\" data-id=\"8202956\" data-element_type=\"widget\" data-e-type=\"widget\" data-settings=\"{&quot;youtube_url&quot;:&quot;https:\\\/\\\/youtu.be\\\/n8KodpJ4RQM?si=Nr2z4OiZb326Cenh&quot;,&quot;video_type&quot;:&quot;youtube&quot;,&quot;controls&quot;:&quot;yes&quot;}\" data-widget_type=\"video.default\">\n\t\t\t\t<div class=\"elementor-widget-container\">\n\t\t\t\t\t\t\t<div class=\"elementor-wrapper elementor-open-inline\">\n\t\t\t<div class=\"elementor-video\"><\/div>\t\t<\/div>\n\t\t\t\t\t\t<\/div>\n\t\t\t\t<\/div>\n\t\t\t\t<\/div>\n\t\t\t\t\t<\/div>\n\t\t\t\t<\/div>\n\t\t<div class=\"elementor-element elementor-element-37b81a9 e-con-full e-flex e-con e-parent\" data-id=\"37b81a9\" data-element_type=\"container\" data-e-type=\"container\">\n\t\t\t\t<div class=\"elementor-element elementor-element-65644b9 elementor-widget elementor-widget-heading\" data-id=\"65644b9\" data-element_type=\"widget\" data-e-type=\"widget\" data-widget_type=\"heading.default\">\n\t\t\t\t<div class=\"elementor-widget-container\">\n\t\t\t\t\t<h2 class=\"elementor-heading-title elementor-size-default\">Nd\u00ebrtoni nj\u00eb pus uji me pomp\u00eb dore n\u00eb emrin tuaj ose t\u00eb nj\u00eb njeriu t\u00eb dashur dhe ngrini komunitetet e varfra.<\/h2>\t\t\t\t<\/div>\n\t\t\t\t<\/div>\n\t\t\t\t<div class=\"elementor-element elementor-element-0bcaf6b elementor-widget elementor-widget-heading\" data-id=\"0bcaf6b\" data-element_type=\"widget\" data-e-type=\"widget\" data-widget_type=\"heading.default\">\n\t\t\t\t<div class=\"elementor-widget-container\">\n\t\t\t\t\t<p class=\"elementor-heading-title elementor-size-default\">Mungesa e aksesit n\u00eb uj\u00eb t\u00eb pijsh\u00ebm t\u00eb past\u00ebr po b\u00ebhet shqet\u00ebsim i madh n\u00eb Pakistan, Afrik\u00eb dhe Indi, ku shum\u00eb probleme sh\u00ebndet\u00ebsore shkaktohen nga uji q\u00eb nuk plot\u00ebson nevojat themelore t\u00eb njer\u00ebzve, qoft\u00eb p\u00ebr shkak t\u00eb munges\u00ebs apo kontaminimit.<\/p>\t\t\t\t<\/div>\n\t\t\t\t<\/div>\n\t\t\t\t<div class=\"elementor-element elementor-element-c63b155 elementor-widget elementor-widget-heading\" data-id=\"c63b155\" data-element_type=\"widget\" data-e-type=\"widget\" data-widget_type=\"heading.default\">\n\t\t\t\t<div class=\"elementor-widget-container\">\n\t\t\t\t\t<p class=\"elementor-heading-title elementor-size-default\">\u00c7do moment \u00ebsht\u00eb nj\u00eb mund\u00ebsi e \u00e7muar p\u00ebr t\u00eb b\u00ebr\u00eb nj\u00eb ndryshim n\u00eb jet\u00ebn e atyre q\u00eb kan\u00eb m\u00eb shum\u00eb nevoj\u00eb. Shfryt\u00ebzojeni momentin sot p\u00ebr m\u00eb t\u00eb pambrojturit dhe ndihmoni dik\u00eb n\u00eb nevoj\u00eb.<\/p>\t\t\t\t<\/div>\n\t\t\t\t<\/div>\n\t\t\t\t<div class=\"elementor-element elementor-element-b2b8fcf elementor-widget elementor-widget-heading\" data-id=\"b2b8fcf\" data-element_type=\"widget\" data-e-type=\"widget\" data-widget_type=\"heading.default\">\n\t\t\t\t<div class=\"elementor-widget-container\">\n\t\t\t\t\t<p class=\"elementor-heading-title elementor-size-default\">Ne mund t\u00eb vendosim nj\u00eb pllak\u00eb n\u00eb emrin tuaj n\u00eb pus dhe do t'ju d\u00ebrgojm\u00eb nj\u00eb raport me informacione ky\u00e7e p\u00ebr pusin tuaj, duke p\u00ebrfshir\u00eb vendin ku \u00ebsht\u00eb nd\u00ebrtuar dhe kush po p\u00ebrfiton.<\/p>\t\t\t\t<\/div>\n\t\t\t\t<\/div>\n\t\t\t\t<\/div>\n\t\t<div class=\"elementor-element elementor-element-d996ada e-flex e-con-boxed e-con e-parent\" data-id=\"d996ada\" data-element_type=\"container\" data-e-type=\"container\">\n\t\t\t\t\t<div class=\"e-con-inner\">\n\t\t<div class=\"elementor-element elementor-element-2bb0fd0 e-con-full e-flex e-con e-child\" data-id=\"2bb0fd0\" data-element_type=\"container\" data-e-type=\"container\">\n\t\t\t\t<div class=\"elementor-element elementor-element-45cd79a elementor-widget elementor-widget-video\" data-id=\"45cd79a\" data-element_type=\"widget\" data-e-type=\"widget\" data-settings=\"{&quot;youtube_url&quot;:&quot;https:\\\/\\\/youtu.be\\\/-kDquMCG6sE?si=F2qtKMaW5WEX7ttD&quot;,&quot;video_type&quot;:&quot;youtube&quot;,&quot;controls&quot;:&quot;yes&quot;}\" data-widget_type=\"video.default\">\n\t\t\t\t<div class=\"elementor-widget-container\">\n\t\t\t\t\t\t\t<div class=\"elementor-wrapper elementor-open-inline\">\n\t\t\t<div class=\"elementor-video\"><\/div>\t\t<\/div>\n\t\t\t\t\t\t<\/div>\n\t\t\t\t<\/div>\n\t\t\t\t<\/div>\n\t\t<div class=\"elementor-element elementor-element-c5eef46 e-con-full e-flex e-con e-child\" data-id=\"c5eef46\" data-element_type=\"container\" data-e-type=\"container\">\n\t\t\t\t<div class=\"elementor-element elementor-element-edcf560 elementor-widget elementor-widget-video\" data-id=\"edcf560\" data-element_type=\"widget\" data-e-type=\"widget\" data-settings=\"{&quot;youtube_url&quot;:&quot;https:\\\/\\\/youtu.be\\\/_LVXZFuB90Y?si=obAbDJkB7aWqHEwe&quot;,&quot;video_type&quot;:&quot;youtube&quot;,&quot;controls&quot;:&quot;yes&quot;}\" data-widget_type=\"video.default\">\n\t\t\t\t<div class=\"elementor-widget-container\">\n\t\t\t\t\t\t\t<div class=\"elementor-wrapper elementor-open-inline\">\n\t\t\t<div class=\"elementor-video\"><\/div>\t\t<\/div>\n\t\t\t\t\t\t<\/div>\n\t\t\t\t<\/div>\n\t\t\t\t<\/div>\n\t\t<div class=\"elementor-element elementor-element-d6c2847 e-con-full e-flex e-con e-child\" data-id=\"d6c2847\" data-element_type=\"container\" data-e-type=\"container\">\n\t\t\t\t<div class=\"elementor-element elementor-element-77d299c elementor-widget elementor-widget-video\" data-id=\"77d299c\" data-element_type=\"widget\" data-e-type=\"widget\" data-settings=\"{&quot;youtube_url&quot;:&quot;https:\\\/\\\/youtu.be\\\/rFfC7AOS8cQ?si=n1qmMcHN2VfkLd_t&quot;,&quot;video_type&quot;:&quot;youtube&quot;,&quot;controls&quot;:&quot;yes&quot;}\" data-widget_type=\"video.default\">\n\t\t\t\t<div class=\"elementor-widget-container\">\n\t\t\t\t\t\t\t<div class=\"elementor-wrapper elementor-open-inline\">\n\t\t\t<div class=\"elementor-video\"><\/div>\t\t<\/div>\n\t\t\t\t\t\t<\/div>\n\t\t\t\t<\/div>\n\t\t\t\t<\/div>\n\t\t<div class=\"elementor-element elementor-element-c6e1e1a e-con-full e-flex e-con e-child\" data-id=\"c6e1e1a\" data-element_type=\"container\" data-e-type=\"container\">\n\t\t\t\t<div class=\"elementor-element elementor-element-0263077 elementor-widget elementor-widget-video\" data-id=\"0263077\" data-element_type=\"widget\" data-e-type=\"widget\" data-settings=\"{&quot;youtube_url&quot;:&quot;https:\\\/\\\/youtu.be\\\/2ni35Rku-p4?si=-KThFNrgqfNfEWHJ&quot;,&quot;video_type&quot;:&quot;youtube&quot;,&quot;controls&quot;:&quot;yes&quot;}\" data-widget_type=\"video.default\">\n\t\t\t\t<div class=\"elementor-widget-container\">\n\t\t\t\t\t\t\t<div class=\"elementor-wrapper elementor-open-inline\">\n\t\t\t<div class=\"elementor-video\"><\/div>\t\t<\/div>\n\t\t\t\t\t\t<\/div>\n\t\t\t\t<\/div>\n\t\t\t\t<\/div>\n\t\t<div class=\"elementor-element elementor-element-a8b4cd7 e-con-full e-flex e-con e-child\" data-id=\"a8b4cd7\" data-element_type=\"container\" data-e-type=\"container\">\n\t\t\t\t<div class=\"elementor-element elementor-element-098454e elementor-widget elementor-widget-video\" data-id=\"098454e\" data-element_type=\"widget\" data-e-type=\"widget\" data-settings=\"{&quot;youtube_url&quot;:&quot;https:\\\/\\\/youtu.be\\\/9si19_TUaoU?si=HK2uSxljt5EsmD0i&quot;,&quot;video_type&quot;:&quot;youtube&quot;,&quot;controls&quot;:&quot;yes&quot;}\" data-widget_type=\"video.default\">\n\t\t\t\t<div class=\"elementor-widget-container\">\n\t\t\t\t\t\t\t<div class=\"elementor-wrapper elementor-open-inline\">\n\t\t\t<div class=\"elementor-video\"><\/div>\t\t<\/div>\n\t\t\t\t\t\t<\/div>\n\t\t\t\t<\/div>\n\t\t\t\t<\/div>\n\t\t<div class=\"elementor-element elementor-element-58464c6 e-con-full e-flex e-con e-child\" data-id=\"58464c6\" data-element_type=\"container\" data-e-type=\"container\">\n\t\t\t\t<div class=\"elementor-element elementor-element-20b9f69 elementor-widget elementor-widget-video\" data-id=\"20b9f69\" data-element_type=\"widget\" data-e-type=\"widget\" data-settings=\"{&quot;youtube_url&quot;:&quot;https:\\\/\\\/youtu.be\\\/mQ5mQ4CWc6s?si=jd2jvLtVx8ogWWrL&quot;,&quot;video_type&quot;:&quot;youtube&quot;,&quot;controls&quot;:&quot;yes&quot;}\" data-widget_type=\"video.default\">\n\t\t\t\t<div class=\"elementor-widget-container\">\n\t\t\t\t\t\t\t<div class=\"elementor-wrapper elementor-open-inline\">\n\t\t\t<div class=\"elementor-video\"><\/div>\t\t<\/div>\n\t\t\t\t\t\t<\/div>\n\t\t\t\t<\/div>\n\t\t\t\t<\/div>\n\t\t\t\t\t<\/div>\n\t\t\t\t<\/div>\n\t\t<div class=\"elementor-element elementor-element-fd1cbb3 e-con-full e-flex e-con e-parent\" data-id=\"fd1cbb3\" data-element_type=\"container\" data-e-type=\"container\">\n\t\t<div class=\"elementor-element elementor-element-0d35521 e-con-full e-flex e-con e-child\" data-id=\"0d35521\" data-element_type=\"container\" data-e-type=\"container\">\n\t\t\t\t<div class=\"elementor-element elementor-element-c6cdea6 elementor-widget elementor-widget-heading\" data-id=\"c6cdea6\" data-element_type=\"widget\" data-e-type=\"widget\" data-widget_type=\"heading.default\">\n\t\t\t\t<div class=\"elementor-widget-container\">\n\t\t\t\t\t<h2 class=\"elementor-heading-title elementor-size-default\">Projekte deri n\u00eb 18 \u00c7ezme<\/h2>\t\t\t\t<\/div>\n\t\t\t\t<\/div>\n\t\t\t\t<div class=\"elementor-element elementor-element-210147d elementor-widget elementor-widget-heading\" data-id=\"210147d\" data-element_type=\"widget\" data-e-type=\"widget\" data-widget_type=\"heading.default\">\n\t\t\t\t<div class=\"elementor-widget-container\">\n\t\t\t\t\t<p class=\"elementor-heading-title elementor-size-default\">Ne mund\u00ebsojm\u00eb krijimin\/hapjen e puseve me Pomp\u00eb dore si dhe me \u00c7ezme nga 2 deri n\u00eb 18 \u00c7ezme, si dhe me ambjent p\u00ebr faljen e namazit.<\/p>\t\t\t\t<\/div>\n\t\t\t\t<\/div>\n\t\t<div class=\"elementor-element elementor-element-ef5e421 e-con-full e-flex e-con e-child\" data-id=\"ef5e421\" data-element_type=\"container\" data-e-type=\"container\">\n\t\t\t\t<div class=\"elementor-element elementor-element-822bd89 elementor-widget elementor-widget-iconlist\" data-id=\"822bd89\" data-element_type=\"widget\" data-e-type=\"widget\" data-widget_type=\"iconlist.default\">\n\t\t\t\t<div class=\"elementor-widget-container\">\n\t\t\t\t\t\r\n        \r\n            <div class=\"about__list-box\">\r\n                <ul class=\"list-wrap\">\r\n                                            <li>\r\n                                                            <i aria-hidden=\"true\" class=\"flaticon-arrow-button\"><\/i>                                                        Manuale me pomp\u00eb dore                        <\/li>\r\n                                            <li>\r\n                                                            <i aria-hidden=\"true\" class=\"flaticon-arrow-button\"><\/i>                                                        Me 2 \u00c7ezme deri n\u00eb 18 \u00c7ezme                        <\/li>\r\n                                    <\/ul>\r\n            <\/div>\r\n\r\n        \r\n\r\n\t\t\t\t<\/div>\n\t\t\t\t<\/div>\n\t\t\t\t<\/div>\n\t\t\t\t<\/div>\n\t\t<div class=\"elementor-element elementor-element-989135e e-con-full e-flex e-con e-child\" data-id=\"989135e\" data-element_type=\"container\" data-e-type=\"container\">\n\t\t\t\t<div class=\"elementor-element elementor-element-96bda71 elementor-widget elementor-widget-image\" data-id=\"96bda71\" data-element_type=\"widget\" data-e-type=\"widget\" data-widget_type=\"image.default\">\n\t\t\t\t<div class=\"elementor-widget-container\">\n\t\t\t\t\t\t\t\t\t\t\t\t\t\t\t<img fetchpriority=\"high\" decoding=\"async\" width=\"1600\" height=\"900\" src=\"https:\/\/paujeskajete.com\/wp-content\/uploads\/2024\/06\/Organizata-Pa-Uje-Ska-Jete.jpg\" class=\"attachment-full size-full wp-image-3113\" alt=\"\" srcset=\"https:\/\/paujeskajete.com\/wp-content\/uploads\/2024\/06\/Organizata-Pa-Uje-Ska-Jete.jpg 1600w, https:\/\/paujeskajete.com\/wp-content\/uploads\/2024\/06\/Organizata-Pa-Uje-Ska-Jete-300x169.jpg 300w, https:\/\/paujeskajete.com\/wp-content\/uploads\/2024\/06\/Organizata-Pa-Uje-Ska-Jete-1024x576.jpg 1024w, https:\/\/paujeskajete.com\/wp-content\/uploads\/2024\/06\/Organizata-Pa-Uje-Ska-Jete-768x432.jpg 768w, https:\/\/paujeskajete.com\/wp-content\/uploads\/2024\/06\/Organizata-Pa-Uje-Ska-Jete-1536x864.jpg 1536w\" sizes=\"(max-width: 1600px) 100vw, 1600px\" \/>\t\t\t\t\t\t\t\t\t\t\t\t\t\t\t<\/div>\n\t\t\t\t<\/div>\n\t\t\t\t<\/div>\n\t\t\t\t<\/div>\n\t\t<div class=\"elementor-element elementor-element-8a73b1e e-flex e-con-boxed e-con e-parent\" data-id=\"8a73b1e\" data-element_type=\"container\" data-e-type=\"container\" data-settings=\"{&quot;background_background&quot;:&quot;classic&quot;}\">\n\t\t\t\t\t<div class=\"e-con-inner\">\n\t\t<div class=\"elementor-element elementor-element-ebc3a59 e-con-full e-flex e-con e-child\" data-id=\"ebc3a59\" data-element_type=\"container\" data-e-type=\"container\" data-settings=\"{&quot;background_background&quot;:&quot;classic&quot;}\">\n\t\t\t\t<div class=\"elementor-element elementor-element-fd6a733 request__content-title elementor-widget elementor-widget-heading\" data-id=\"fd6a733\" data-element_type=\"widget\" data-e-type=\"widget\" data-widget_type=\"heading.default\">\n\t\t\t\t<div class=\"elementor-widget-container\">\n\t\t\t\t\t<h2 class=\"elementor-heading-title elementor-size-default\"><span>NJ\u00cb PIK\u00cb UJ\u00cb<\/span> NJ\u00cb BUZ\u00cbQESHJE!<\/h2>\t\t\t\t<\/div>\n\t\t\t\t<\/div>\n\t\t\t\t<div class=\"elementor-element elementor-element-2607306 elementor-widget elementor-widget-tg-phone\" data-id=\"2607306\" data-element_type=\"widget\" data-e-type=\"widget\" data-widget_type=\"tg-phone.default\">\n\t\t\t\t<div class=\"elementor-widget-container\">\n\t\t\t\t\t\r\n                    <div class=\"tg-phone\">\r\n                <div class=\"icon\">\r\n                    <i class=\"flaticon-phone-call\"><\/i>\r\n                <\/div>\r\n                <div class=\"content\">\r\n                                            <span>Tel \/ Viber \/ WhatsApp<\/span>\r\n                                                                <a href=\"tel:+49 176 81317154\">+49 176 81317154<\/a>\r\n                                    <\/div>\r\n            <\/div>\r\n        \t\t\t\t<\/div>\n\t\t\t\t<\/div>\n\t\t\t\t<div class=\"elementor-element elementor-element-55638b1 elementor-widget elementor-widget-tg-btn\" data-id=\"55638b1\" data-element_type=\"widget\" data-e-type=\"widget\" data-widget_type=\"tg-btn.default\">\n\t\t\t\t<div class=\"elementor-widget-container\">\n\t\t\t\t\t\r\n\r\n        \r\n                            <a href=\"\/kontakt\" target=\"_blank\" rel=\"nofollow\" class=\"btn\">\r\n                    Na Kontaktoni                <\/a>\r\n            \r\n        \r\n\t\t\t\t<\/div>\n\t\t\t\t<\/div>\n\t\t\t\t<\/div>\n\t\t\t\t\t<\/div>\n\t\t\t\t<\/div>\n\t\t\t\t<\/div>\n\t\t","protected":false},"excerpt":{"rendered":"<p>Modelet: Me Pomp\u00eb Dore:Manualisht Me \u00c7ezme:2 deri 18 \u00c7ezme Location:Afrik\u00eb, Pakistan &amp; Indi https:\/\/www.youtube.com\/watch?v=v4reE0YQJFQhttps:\/\/youtu.be\/n8KodpJ4RQM?si=Nr2z4OiZb326Cenh Nd\u00ebrtoni nj\u00eb pus uji me pomp\u00eb dore n\u00eb emrin tuaj ose t\u00eb nj\u00eb njeriu t\u00eb dashur dhe ngrini komunitetet e varfra. Mungesa e aksesit n\u00eb uj\u00eb t\u00eb pijsh\u00ebm t\u00eb past\u00ebr po b\u00ebhet shqet\u00ebsim i madh n\u00eb Pakistan, Afrik\u00eb dhe Indi, ku [&hellip;]<\/p>\n","protected":false},"author":1,"featured_media":0,"parent":0,"menu_order":0,"comment_status":"closed","ping_status":"closed","template":"","meta":{"_acf_changed":false,"footnotes":""},"class_list":["post-3455","page","type-page","status-publish","hentry"],"acf":[],"aioseo_notices":[],"_links":{"self":[{"href":"https:\/\/paujeskajete.com\/al\/wp-json\/wp\/v2\/pages\/3455","targetHints":{"allow":["GET"]}}],"collection":[{"href":"https:\/\/paujeskajete.com\/al\/wp-json\/wp\/v2\/pages"}],"about":[{"href":"https:\/\/paujeskajete.com\/al\/wp-json\/wp\/v2\/types\/page"}],"author":[{"embeddable":true,"href":"https:\/\/paujeskajete.com\/al\/wp-json\/wp\/v2\/users\/1"}],"replies":[{"embeddable":true,"href":"https:\/\/paujeskajete.com\/al\/wp-json\/wp\/v2\/comments?post=3455"}],"version-history":[{"count":20,"href":"https:\/\/paujeskajete.com\/al\/wp-json\/wp\/v2\/pages\/3455\/revisions"}],"predecessor-version":[{"id":3577,"href":"https:\/\/paujeskajete.com\/al\/wp-json\/wp\/v2\/pages\/3455\/revisions\/3577"}],"wp:attachment":[{"href":"https:\/\/paujeskajete.com\/al\/wp-json\/wp\/v2\/media?parent=3455"}],"curies":[{"name":"wp","href":"https:\/\/api.w.org\/{rel}","templated":true}]}}