{"id":1945,"date":"2023-11-25T07:48:26","date_gmt":"2023-11-25T07:48:26","guid":{"rendered":"https:\/\/apexa.alithemes.com\/?page_id=1945"},"modified":"2024-07-03T17:17:03","modified_gmt":"2024-07-03T17:17:03","slug":"kontakt","status":"publish","type":"page","link":"https:\/\/paujeskajete.com\/en\/kontakt\/","title":{"rendered":"Contact"},"content":{"rendered":"<div data-elementor-type=\"wp-page\" data-elementor-id=\"1945\" class=\"elementor elementor-1945\">\n\t\t\t\t<div class=\"elementor-element elementor-element-b6df3ee e-flex e-con-boxed e-con e-parent\" data-id=\"b6df3ee\" data-element_type=\"container\" data-e-type=\"container\">\n\t\t\t\t\t<div class=\"e-con-inner\">\n\t\t<div class=\"elementor-element elementor-element-84e4cf7 e-con-full e-flex e-con e-child\" data-id=\"84e4cf7\" data-element_type=\"container\" data-e-type=\"container\">\n\t\t<div class=\"elementor-element elementor-element-8179cb2 e-con-full e-flex e-con e-child\" data-id=\"8179cb2\" data-element_type=\"container\" data-e-type=\"container\">\n\t\t\t\t<div class=\"elementor-element elementor-element-69e6452 elementor-widget elementor-widget-heading\" data-id=\"69e6452\" data-element_type=\"widget\" data-e-type=\"widget\" data-widget_type=\"heading.default\">\n\t\t\t\t<div class=\"elementor-widget-container\">\n\t\t\t\t\t<h2 class=\"elementor-heading-title elementor-size-default\">Want More Info?<\/h2>\t\t\t\t<\/div>\n\t\t\t\t<\/div>\n\t\t\t\t<div class=\"elementor-element elementor-element-5e53449 elementor-widget elementor-widget-heading\" data-id=\"5e53449\" data-element_type=\"widget\" data-e-type=\"widget\" data-widget_type=\"heading.default\">\n\t\t\t\t<div class=\"elementor-widget-container\">\n\t\t\t\t\t<p class=\"elementor-heading-title elementor-size-default\">Contact us anytime\u2014we\u2019re happy to guide you, and together, let\u2019s create happier lives, even with just a drop of water!<\/p>\t\t\t\t<\/div>\n\t\t\t\t<\/div>\n\t\t\t\t<div class=\"elementor-element elementor-element-b685a3b elementor-widget elementor-widget-contact-info\" data-id=\"b685a3b\" data-element_type=\"widget\" data-e-type=\"widget\" data-widget_type=\"contact-info.default\">\n\t\t\t\t<div class=\"elementor-widget-container\">\n\t\t\t\t\t\r\n        <div class=\"contact__info\">\r\n            <ul class=\"list-wrap\">\r\n                                    <li>\r\n                                                    <div class=\"icon\">\r\n                                <i aria-hidden=\"true\" class=\"genix flaticon-phone-call\"><\/i>                            <\/div>\r\n                                                <div class=\"content\">\r\n                            <h4 class=\"title\">Tel \/ Viber \/ WhatsApp<\/h4>\r\n                            <p>+49 176 81317154 <\/p>\r\n                        <\/div>\r\n                    <\/li>\r\n                                    <li>\r\n                                                    <div class=\"icon\">\r\n                                <i aria-hidden=\"true\" class=\"genix flaticon-phone-call\"><\/i>                            <\/div>\r\n                                                <div class=\"content\">\r\n                            <h4 class=\"title\">Tel \/ Viber \/ WhatsApp<\/h4>\r\n                            <p>+49 176 70454209<\/p>\r\n                        <\/div>\r\n                    <\/li>\r\n                                    <li>\r\n                                                    <div class=\"icon\">\r\n                                <i aria-hidden=\"true\" class=\"genix flaticon-mail\"><\/i>                            <\/div>\r\n                                                <div class=\"content\">\r\n                            <h4 class=\"title\">E-mail<\/h4>\r\n                            <p>info@paujeskajete.com<\/p>\r\n                        <\/div>\r\n                    <\/li>\r\n                            <\/ul>\r\n        <\/div>\r\n\r\n\t\t\t\t<\/div>\n\t\t\t\t<\/div>\n\t\t\t\t<\/div>\n\t\t<div class=\"elementor-element elementor-element-03638d1 e-con-full e-flex e-con e-child\" data-id=\"03638d1\" data-element_type=\"container\" data-e-type=\"container\">\n\t\t\t\t<div class=\"elementor-element elementor-element-f1ec9af elementor-widget elementor-widget-image\" data-id=\"f1ec9af\" data-element_type=\"widget\" data-e-type=\"widget\" data-widget_type=\"image.default\">\n\t\t\t\t<div class=\"elementor-widget-container\">\n\t\t\t\t\t\t\t\t\t\t\t\t\t\t\t<img fetchpriority=\"high\" decoding=\"async\" width=\"1600\" height=\"900\" src=\"https:\/\/paujeskajete.com\/wp-content\/uploads\/2024\/06\/Organizata-Pa-Uje-Ska-Jete.jpg\" class=\"attachment-full size-full wp-image-3113\" alt=\"\" srcset=\"https:\/\/paujeskajete.com\/wp-content\/uploads\/2024\/06\/Organizata-Pa-Uje-Ska-Jete.jpg 1600w, https:\/\/paujeskajete.com\/wp-content\/uploads\/2024\/06\/Organizata-Pa-Uje-Ska-Jete-300x169.jpg 300w, https:\/\/paujeskajete.com\/wp-content\/uploads\/2024\/06\/Organizata-Pa-Uje-Ska-Jete-1024x576.jpg 1024w, https:\/\/paujeskajete.com\/wp-content\/uploads\/2024\/06\/Organizata-Pa-Uje-Ska-Jete-768x432.jpg 768w, https:\/\/paujeskajete.com\/wp-content\/uploads\/2024\/06\/Organizata-Pa-Uje-Ska-Jete-1536x864.jpg 1536w\" sizes=\"(max-width: 1600px) 100vw, 1600px\" \/>\t\t\t\t\t\t\t\t\t\t\t\t\t\t\t<\/div>\n\t\t\t\t<\/div>\n\t\t\t\t<div class=\"elementor-element elementor-element-5b3a6e0 elementor-widget elementor-widget-contact-info\" data-id=\"5b3a6e0\" data-element_type=\"widget\" data-e-type=\"widget\" data-widget_type=\"contact-info.default\">\n\t\t\t\t<div class=\"elementor-widget-container\">\n\t\t\t\t\t\r\n        <div class=\"contact__info\">\r\n            <ul class=\"list-wrap\">\r\n                                    <li>\r\n                                                    <div class=\"icon\">\r\n                                <i aria-hidden=\"true\" class=\"flaticon-pin\"><\/i>                            <\/div>\r\n                                                <div class=\"content\">\r\n                            <h4 class=\"title\">Adresa<\/h4>\r\n                            <p>Herold str 8 Dorsten, Nordrhein-Westfalen, Germany<\/p>\r\n                        <\/div>\r\n                    <\/li>\r\n                            <\/ul>\r\n        <\/div>\r\n\r\n\t\t\t\t<\/div>\n\t\t\t\t<\/div>\n\t\t\t\t<\/div>\n\t\t\t\t<\/div>\n\t\t<div class=\"elementor-element elementor-element-a11fa63 e-con-full e-flex e-con e-child\" data-id=\"a11fa63\" data-element_type=\"container\" data-e-type=\"container\">\n\t\t\t\t<div class=\"elementor-element elementor-element-5c900dc elementor-widget elementor-widget-google_maps\" data-id=\"5c900dc\" data-element_type=\"widget\" data-e-type=\"widget\" data-widget_type=\"google_maps.default\">\n\t\t\t\t<div class=\"elementor-widget-container\">\n\t\t\t\t\t\t\t<div class=\"elementor-custom-embed\">\n\t\t\t<iframe loading=\"lazy\"\n\t\t\t\t\tsrc=\"https:\/\/maps.google.com\/maps?q=Herold%20str%208%20Dorsten%2C%20Nordrhein-Westfalen%2C%20Germany&#038;t=m&#038;z=13&#038;output=embed&#038;iwloc=near\"\n\t\t\t\t\ttitle=\"Herold str 8 Dorsten, Nordrhein-Westfalen, Germany\"\n\t\t\t\t\taria-label=\"Herold str 8 Dorsten, Nordrhein-Westfalen, Germany\"\n\t\t\t><\/iframe>\n\t\t<\/div>\n\t\t\t\t\t\t<\/div>\n\t\t\t\t<\/div>\n\t\t\t\t<\/div>\n\t\t\t\t\t<\/div>\n\t\t\t\t<\/div>\n\t\t\t\t<\/div>","protected":false},"excerpt":{"rendered":"<p>D\u00ebshironi m\u00eb Shum\u00eb Info? Na kontaktoni n\u00eb cdo koh\u00eb, jemi t\u00eb lumtur t&#8217;ju informojm\u00eb dhe s\u00ebbashku t\u00eb b\u00ebjm\u00eb shum\u00eb jet\u00eb t\u00eb lumtuara qoft\u00eb edhe me nj\u00eb pik\u00eb uj\u00eb! Tel \/ Viber \/ WhatsApp +49 176 81317154 Tel \/ Viber \/ WhatsApp +49 176 70454209 E-mail info@paujeskajete.com Adresa Herold str 8 Dorsten, Nordrhein-Westfalen, Germany<\/p>","protected":false},"author":1,"featured_media":0,"parent":0,"menu_order":0,"comment_status":"closed","ping_status":"closed","template":"elementor_header_footer","meta":{"_acf_changed":false,"footnotes":""},"class_list":["post-1945","page","type-page","status-publish","hentry"],"acf":[],"aioseo_notices":[],"_links":{"self":[{"href":"https:\/\/paujeskajete.com\/en\/wp-json\/wp\/v2\/pages\/1945","targetHints":{"allow":["GET"]}}],"collection":[{"href":"https:\/\/paujeskajete.com\/en\/wp-json\/wp\/v2\/pages"}],"about":[{"href":"https:\/\/paujeskajete.com\/en\/wp-json\/wp\/v2\/types\/page"}],"author":[{"embeddable":true,"href":"https:\/\/paujeskajete.com\/en\/wp-json\/wp\/v2\/users\/1"}],"replies":[{"embeddable":true,"href":"https:\/\/paujeskajete.com\/en\/wp-json\/wp\/v2\/comments?post=1945"}],"version-history":[{"count":16,"href":"https:\/\/paujeskajete.com\/en\/wp-json\/wp\/v2\/pages\/1945\/revisions"}],"predecessor-version":[{"id":3446,"href":"https:\/\/paujeskajete.com\/en\/wp-json\/wp\/v2\/pages\/1945\/revisions\/3446"}],"wp:attachment":[{"href":"https:\/\/paujeskajete.com\/en\/wp-json\/wp\/v2\/media?parent=1945"}],"curies":[{"name":"wp","href":"https:\/\/api.w.org\/{rel}","templated":true}]}}