{"id":3244,"date":"2024-06-24T12:12:03","date_gmt":"2024-06-24T12:12:03","guid":{"rendered":"https:\/\/paujeskajete.com\/?page_id=3244"},"modified":"2024-11-12T10:40:54","modified_gmt":"2024-11-12T10:40:54","slug":"ndertimi-i-xhamiave","status":"publish","type":"page","link":"https:\/\/paujeskajete.com\/en\/ndertimi-i-xhamiave\/","title":{"rendered":"Mosque construction"},"content":{"rendered":"<div data-elementor-type=\"wp-page\" data-elementor-id=\"3244\" class=\"elementor elementor-3244\">\n\t\t\t\t<div class=\"elementor-element elementor-element-62c67fcc e-con-full e-flex e-con e-parent\" data-id=\"62c67fcc\" data-element_type=\"container\" data-e-type=\"container\">\n\t\t<div class=\"elementor-element elementor-element-56606ee1 e-con-full e-flex e-con e-child\" data-id=\"56606ee1\" data-element_type=\"container\" data-e-type=\"container\">\n\t\t\t\t<div class=\"elementor-element elementor-element-d9c738b elementor-widget elementor-widget-video\" data-id=\"d9c738b\" data-element_type=\"widget\" data-e-type=\"widget\" data-settings=\"{&quot;youtube_url&quot;:&quot;https:\\\/\\\/youtu.be\\\/-5S9sPGXXgM?si=TCrJO_xpFv33bNGS&quot;,&quot;autoplay&quot;:&quot;yes&quot;,&quot;play_on_mobile&quot;:&quot;yes&quot;,&quot;video_type&quot;:&quot;youtube&quot;,&quot;controls&quot;:&quot;yes&quot;}\" data-widget_type=\"video.default\">\n\t\t\t\t<div class=\"elementor-widget-container\">\n\t\t\t\t\t\t\t<div class=\"elementor-wrapper elementor-open-inline\">\n\t\t\t<div class=\"elementor-video\"><\/div>\t\t<\/div>\n\t\t\t\t\t\t<\/div>\n\t\t\t\t<\/div>\n\t\t\t\t<\/div>\n\t\t<div class=\"elementor-element elementor-element-3411b322 e-con-full e-flex e-con e-child\" data-id=\"3411b322\" data-element_type=\"container\" data-e-type=\"container\">\n\t\t\t\t<div class=\"elementor-element elementor-element-3d0ff168 elementor-widget elementor-widget-project-info\" data-id=\"3d0ff168\" data-element_type=\"widget\" data-e-type=\"widget\" data-widget_type=\"project-info.default\">\n\t\t\t\t<div class=\"elementor-widget-container\">\n\t\t\t\t\t\r\n        <div class=\"project__details-info\">\r\n                            <h4 class=\"title\">Ndertim Xhamie:<\/h4>\r\n                        <ul class=\"list-wrap\">\r\n                                    <li><span>Location:<\/span>Afrik\u00eb<\/li>\r\n                                    <li><span>Location:<\/span>Pakistan<\/li>\r\n                                    <li><span>Location:<\/span>Indi<\/li>\r\n                                <li class=\"social\">\r\n                                        <ul class=\"list-wrap project-social\">\r\n                                                    <li><a href=\"https:\/\/www.facebook.com\/ShefqetRaif\"><i aria-hidden=\"true\" class=\"genix flaticon-handshake\"><\/i><\/a><\/li>\r\n                                            <\/ul>\r\n                <\/li>\r\n            <\/ul>\r\n        <\/div>\r\n\r\n\t\t\t\t<\/div>\n\t\t\t\t<\/div>\n\t\t\t\t<\/div>\n\t\t\t\t<\/div>\n\t\t<div class=\"elementor-element elementor-element-288986eb e-con-full e-flex e-con e-parent\" data-id=\"288986eb\" data-element_type=\"container\" data-e-type=\"container\">\n\t\t\t\t<div class=\"elementor-element elementor-element-404cbda5 elementor-widget elementor-widget-heading\" data-id=\"404cbda5\" data-element_type=\"widget\" data-e-type=\"widget\" data-widget_type=\"heading.default\">\n\t\t\t\t<div class=\"elementor-widget-container\">\n\t\t\t\t\t<h2 class=\"elementor-heading-title elementor-size-default\">Mosque construction<\/h2>\t\t\t\t<\/div>\n\t\t\t\t<\/div>\n\t\t\t\t<div class=\"elementor-element elementor-element-545ceb9 elementor-widget elementor-widget-heading\" data-id=\"545ceb9\" data-element_type=\"widget\" data-e-type=\"widget\" data-widget_type=\"heading.default\">\n\t\t\t\t<div class=\"elementor-widget-container\">\n\t\t\t\t\t<p class=\"elementor-heading-title elementor-size-default\">Whoever builds a mosque seeking the pleasure of Allah, Allah will build for him a similar one in Paradise. A mosque is much more than a place of worship \u2013 it is a symbol of hope and the heart of community life.\n\nBy building a mosque, you not only earn the reward of providing a community with a house of Allah, but your ongoing charity (Sadaqah Jariyah) can continue to benefit generations to come.<\/p>\t\t\t\t<\/div>\n\t\t\t\t<\/div>\n\t\t\t\t<div class=\"elementor-element elementor-element-62bb2ed6 elementor-widget elementor-widget-heading\" data-id=\"62bb2ed6\" data-element_type=\"widget\" data-e-type=\"widget\" data-widget_type=\"heading.default\">\n\t\t\t\t<div class=\"elementor-widget-container\">\n\t\t\t\t\t<p class=\"elementor-heading-title elementor-size-default\">Our teams will work with you every step of the way, providing feedback and also giving you the opportunity to open your newly built mosque. <\/p>\t\t\t\t<\/div>\n\t\t\t\t<\/div>\n\t\t\t\t<div class=\"elementor-element elementor-element-ad6f548 elementor-widget elementor-widget-heading\" data-id=\"ad6f548\" data-element_type=\"widget\" data-e-type=\"widget\" data-widget_type=\"heading.default\">\n\t\t\t\t<div class=\"elementor-widget-container\">\n\t\t\t\t\t<h2 class=\"elementor-heading-title elementor-size-default\">Our comprehensive community mosque project includes:\n<\/h2>\t\t\t\t<\/div>\n\t\t\t\t<\/div>\n\t\t\t\t<div class=\"elementor-element elementor-element-5480cbcb elementor-widget elementor-widget-iconlist\" data-id=\"5480cbcb\" data-element_type=\"widget\" data-e-type=\"widget\" data-widget_type=\"iconlist.default\">\n\t\t\t\t<div class=\"elementor-widget-container\">\n\t\t\t\t\t\r\n        \r\n            <div class=\"about__list-box\">\r\n                <ul class=\"list-wrap\">\r\n                                            <li>\r\n                                                            <i aria-hidden=\"true\" class=\"flaticon-arrow-button\"><\/i>                                                        Construction of mosques in rural communities                        <\/li>\r\n                                            <li>\r\n                                                            <i aria-hidden=\"true\" class=\"flaticon-arrow-button\"><\/i>                                                        Providing grants for the renovation of existing mosques                        <\/li>\r\n                                            <li>\r\n                                                            <i aria-hidden=\"true\" class=\"flaticon-arrow-button\"><\/i>                                                        Supporting mosque libraries                        <\/li>\r\n                                            <li>\r\n                                                            <i aria-hidden=\"true\" class=\"flaticon-arrow-button\"><\/i>                                                        Support community education initiatives                         <\/li>\r\n                                    <\/ul>\r\n            <\/div>\r\n\r\n        \r\n\r\n\t\t\t\t<\/div>\n\t\t\t\t<\/div>\n\t\t\t\t<\/div>\n\t\t<div class=\"elementor-element elementor-element-61e7f66 e-flex e-con-boxed e-con e-parent\" data-id=\"61e7f66\" data-element_type=\"container\" data-e-type=\"container\">\n\t\t\t\t\t<div class=\"e-con-inner\">\n\t\t\t\t<div class=\"elementor-element elementor-element-9429684 elementor-widget elementor-widget-video\" data-id=\"9429684\" data-element_type=\"widget\" data-e-type=\"widget\" data-settings=\"{&quot;youtube_url&quot;:&quot;https:\\\/\\\/youtu.be\\\/iBALMjIdAEI?si=FDoGZKBsYkU-k175&quot;,&quot;video_type&quot;:&quot;youtube&quot;,&quot;controls&quot;:&quot;yes&quot;}\" data-widget_type=\"video.default\">\n\t\t\t\t<div class=\"elementor-widget-container\">\n\t\t\t\t\t\t\t<div class=\"elementor-wrapper elementor-open-inline\">\n\t\t\t<div class=\"elementor-video\"><\/div>\t\t<\/div>\n\t\t\t\t\t\t<\/div>\n\t\t\t\t<\/div>\n\t\t\t\t\t<\/div>\n\t\t\t\t<\/div>\n\t\t<div class=\"elementor-element elementor-element-68fa6934 e-con-full e-flex e-con e-parent\" data-id=\"68fa6934\" data-element_type=\"container\" data-e-type=\"container\">\n\t\t<div class=\"elementor-element elementor-element-2c910d98 e-con-full e-flex e-con e-child\" data-id=\"2c910d98\" data-element_type=\"container\" data-e-type=\"container\">\n\t\t\t\t<div class=\"elementor-element elementor-element-7712a822 elementor-widget elementor-widget-heading\" data-id=\"7712a822\" data-element_type=\"widget\" data-e-type=\"widget\" data-widget_type=\"heading.default\">\n\t\t\t\t<div class=\"elementor-widget-container\">\n\t\t\t\t\t<h2 class=\"elementor-heading-title elementor-size-default\">Build the House of Allah and earn great reward.<\/h2>\t\t\t\t<\/div>\n\t\t\t\t<\/div>\n\t\t\t\t<div class=\"elementor-element elementor-element-7aaeb510 elementor-widget elementor-widget-heading\" data-id=\"7aaeb510\" data-element_type=\"widget\" data-e-type=\"widget\" data-widget_type=\"heading.default\">\n\t\t\t\t<div class=\"elementor-widget-container\">\n\t\t\t\t\t<p class=\"elementor-heading-title elementor-size-default\">Your donation will help build the foundations and walls of the mosque, granting you the everlasting reward of Sadaqah.<\/p>\t\t\t\t<\/div>\n\t\t\t\t<\/div>\n\t\t\t\t<\/div>\n\t\t<div class=\"elementor-element elementor-element-d44cdb4 e-con-full e-flex e-con e-child\" data-id=\"d44cdb4\" data-element_type=\"container\" data-e-type=\"container\">\n\t\t\t\t<div class=\"elementor-element elementor-element-1ab468fe elementor-widget elementor-widget-image\" data-id=\"1ab468fe\" data-element_type=\"widget\" data-e-type=\"widget\" data-widget_type=\"image.default\">\n\t\t\t\t<div class=\"elementor-widget-container\">\n\t\t\t\t\t\t\t\t\t\t\t\t\t\t\t<img fetchpriority=\"high\" decoding=\"async\" width=\"1600\" height=\"900\" src=\"https:\/\/paujeskajete.com\/wp-content\/uploads\/2024\/06\/Organizata-Pa-Uje-Ska-Jete.jpg\" class=\"attachment-full size-full wp-image-3113\" alt=\"\" srcset=\"https:\/\/paujeskajete.com\/wp-content\/uploads\/2024\/06\/Organizata-Pa-Uje-Ska-Jete.jpg 1600w, https:\/\/paujeskajete.com\/wp-content\/uploads\/2024\/06\/Organizata-Pa-Uje-Ska-Jete-300x169.jpg 300w, https:\/\/paujeskajete.com\/wp-content\/uploads\/2024\/06\/Organizata-Pa-Uje-Ska-Jete-1024x576.jpg 1024w, https:\/\/paujeskajete.com\/wp-content\/uploads\/2024\/06\/Organizata-Pa-Uje-Ska-Jete-768x432.jpg 768w, https:\/\/paujeskajete.com\/wp-content\/uploads\/2024\/06\/Organizata-Pa-Uje-Ska-Jete-1536x864.jpg 1536w\" sizes=\"(max-width: 1600px) 100vw, 1600px\" \/>\t\t\t\t\t\t\t\t\t\t\t\t\t\t\t<\/div>\n\t\t\t\t<\/div>\n\t\t\t\t<\/div>\n\t\t\t\t<\/div>\n\t\t<div class=\"elementor-element elementor-element-8aa6d7d e-flex e-con-boxed e-con e-parent\" data-id=\"8aa6d7d\" data-element_type=\"container\" data-e-type=\"container\" data-settings=\"{&quot;background_background&quot;:&quot;classic&quot;}\">\n\t\t\t\t\t<div class=\"e-con-inner\">\n\t\t<div class=\"elementor-element elementor-element-605e950 e-con-full e-flex e-con e-child\" data-id=\"605e950\" data-element_type=\"container\" data-e-type=\"container\" data-settings=\"{&quot;background_background&quot;:&quot;classic&quot;}\">\n\t\t\t\t<div class=\"elementor-element elementor-element-ffffd02 request__content-title elementor-widget elementor-widget-heading\" data-id=\"ffffd02\" data-element_type=\"widget\" data-e-type=\"widget\" data-widget_type=\"heading.default\">\n\t\t\t\t<div class=\"elementor-widget-container\">\n\t\t\t\t\t<h2 class=\"elementor-heading-title elementor-size-default\"><span>ONE DROP OF WATER<\/span> ONE SMILE!<\/h2>\t\t\t\t<\/div>\n\t\t\t\t<\/div>\n\t\t\t\t<div class=\"elementor-element elementor-element-7955cdc elementor-widget elementor-widget-tg-phone\" data-id=\"7955cdc\" data-element_type=\"widget\" data-e-type=\"widget\" data-widget_type=\"tg-phone.default\">\n\t\t\t\t<div class=\"elementor-widget-container\">\n\t\t\t\t\t\r\n                    <div class=\"tg-phone\">\r\n                <div class=\"icon\">\r\n                    <i class=\"flaticon-phone-call\"><\/i>\r\n                <\/div>\r\n                <div class=\"content\">\r\n                                            <span>Tel \/ Viber \/ WhatsApp<\/span>\r\n                                                                <a href=\"tel:+49 176 81317154\">+49 176 81317154<\/a>\r\n                                    <\/div>\r\n            <\/div>\r\n        \t\t\t\t<\/div>\n\t\t\t\t<\/div>\n\t\t\t\t<div class=\"elementor-element elementor-element-d2dfaca elementor-widget elementor-widget-tg-btn\" data-id=\"d2dfaca\" data-element_type=\"widget\" data-e-type=\"widget\" data-widget_type=\"tg-btn.default\">\n\t\t\t\t<div class=\"elementor-widget-container\">\n\t\t\t\t\t\r\n\r\n        \r\n                            <a href=\"\/en\/kontakt\/\" target=\"_blank\" rel=\"nofollow\" class=\"btn\">\r\n                    Contact Us                <\/a>\r\n            \r\n        \r\n\t\t\t\t<\/div>\n\t\t\t\t<\/div>\n\t\t\t\t<\/div>\n\t\t\t\t\t<\/div>\n\t\t\t\t<\/div>\n\t\t\t\t<\/div>","protected":false},"excerpt":{"rendered":"<p>Ndertim Xhamie: Location:Afrik\u00eb Location:Pakistan Location:Indi Ndertimi i Xhamiave. Kush nd\u00ebrton nj\u00eb xhami duke d\u00ebshiruar k\u00ebnaq\u00ebsin\u00eb e Allahut, Allahu ia nd\u00ebrton atij n\u00eb xhenet t\u00eb till\u00eb. Nj\u00eb xhami \u00ebsht\u00eb shum\u00eb m\u00eb tep\u00ebr se nj\u00eb vend p\u00ebr adhurim &#8211; ato jan\u00eb nj\u00eb simbol i shpres\u00ebs dhe zemra e jet\u00ebs s\u00eb komunitetit . Duke nd\u00ebrtuar nj\u00eb xhami, ju [&hellip;]<\/p>\n","protected":false},"author":1,"featured_media":0,"parent":0,"menu_order":0,"comment_status":"closed","ping_status":"closed","template":"","meta":{"_acf_changed":false,"footnotes":""},"class_list":["post-3244","page","type-page","status-publish","hentry"],"acf":[],"aioseo_notices":[],"_links":{"self":[{"href":"https:\/\/paujeskajete.com\/en\/wp-json\/wp\/v2\/pages\/3244","targetHints":{"allow":["GET"]}}],"collection":[{"href":"https:\/\/paujeskajete.com\/en\/wp-json\/wp\/v2\/pages"}],"about":[{"href":"https:\/\/paujeskajete.com\/en\/wp-json\/wp\/v2\/types\/page"}],"author":[{"embeddable":true,"href":"https:\/\/paujeskajete.com\/en\/wp-json\/wp\/v2\/users\/1"}],"replies":[{"embeddable":true,"href":"https:\/\/paujeskajete.com\/en\/wp-json\/wp\/v2\/comments?post=3244"}],"version-history":[{"count":50,"href":"https:\/\/paujeskajete.com\/en\/wp-json\/wp\/v2\/pages\/3244\/revisions"}],"predecessor-version":[{"id":3580,"href":"https:\/\/paujeskajete.com\/en\/wp-json\/wp\/v2\/pages\/3244\/revisions\/3580"}],"wp:attachment":[{"href":"https:\/\/paujeskajete.com\/en\/wp-json\/wp\/v2\/media?parent=3244"}],"curies":[{"name":"wp","href":"https:\/\/api.w.org\/{rel}","templated":true}]}}