{"id":3261,"date":"2024-06-24T12:17:20","date_gmt":"2024-06-24T12:17:20","guid":{"rendered":"https:\/\/paujeskajete.com\/?page_id=3261"},"modified":"2024-11-12T10:46:06","modified_gmt":"2024-11-12T10:46:06","slug":"prerja-e-kurbanit","status":"publish","type":"page","link":"https:\/\/paujeskajete.com\/en\/prerja-e-kurbanit\/","title":{"rendered":"Animal sacrifice"},"content":{"rendered":"<div data-elementor-type=\"wp-page\" data-elementor-id=\"3261\" class=\"elementor elementor-3261\">\n\t\t\t\t<div class=\"elementor-element elementor-element-62c7fc83 e-con-full e-flex e-con e-parent\" data-id=\"62c7fc83\" data-element_type=\"container\" data-e-type=\"container\">\n\t\t<div class=\"elementor-element elementor-element-3d93ca71 e-con-full e-flex e-con e-child\" data-id=\"3d93ca71\" data-element_type=\"container\" data-e-type=\"container\">\n\t\t<div class=\"elementor-element elementor-element-d138867 e-grid e-con-full e-con e-child\" data-id=\"d138867\" data-element_type=\"container\" data-e-type=\"container\">\n\t\t\t\t<div class=\"elementor-element elementor-element-0cb2893 elementor-widget elementor-widget-video\" data-id=\"0cb2893\" data-element_type=\"widget\" data-e-type=\"widget\" data-settings=\"{&quot;youtube_url&quot;:&quot;https:\\\/\\\/youtu.be\\\/w7uj-CMT06M?si=lftEyI4CfhAlRqN7&quot;,&quot;autoplay&quot;:&quot;yes&quot;,&quot;play_on_mobile&quot;:&quot;yes&quot;,&quot;video_type&quot;:&quot;youtube&quot;,&quot;controls&quot;:&quot;yes&quot;}\" data-widget_type=\"video.default\">\n\t\t\t\t<div class=\"elementor-widget-container\">\n\t\t\t\t\t\t\t<div class=\"elementor-wrapper elementor-open-inline\">\n\t\t\t<div class=\"elementor-video\"><\/div>\t\t<\/div>\n\t\t\t\t\t\t<\/div>\n\t\t\t\t<\/div>\n\t\t\t\t<\/div>\n\t\t\t\t<\/div>\n\t\t<div class=\"elementor-element elementor-element-33037bf1 e-con-full e-flex e-con e-child\" data-id=\"33037bf1\" data-element_type=\"container\" data-e-type=\"container\">\n\t\t\t\t<div class=\"elementor-element elementor-element-399b6dd6 elementor-widget elementor-widget-project-info\" data-id=\"399b6dd6\" data-element_type=\"widget\" data-e-type=\"widget\" data-widget_type=\"project-info.default\">\n\t\t\t\t<div class=\"elementor-widget-container\">\n\t\t\t\t\t\r\n        <div class=\"project__details-info\">\r\n                            <h4 class=\"title\">Llojet:<\/h4>\r\n                        <ul class=\"list-wrap\">\r\n                                    <li><span>Kurban:<\/span>Dele &amp; Lop\u00eb<\/li>\r\n                                    <li><span>Location:<\/span>Africa, Pakistan &amp; India<\/li>\r\n                                <li class=\"social\">\r\n                                        <ul class=\"list-wrap project-social\">\r\n                                                    <li><a href=\"#\"><i aria-hidden=\"true\" class=\"genix flaticon-handshake\"><\/i><\/a><\/li>\r\n                                            <\/ul>\r\n                <\/li>\r\n            <\/ul>\r\n        <\/div>\r\n\r\n\t\t\t\t<\/div>\n\t\t\t\t<\/div>\n\t\t\t\t<\/div>\n\t\t\t\t<\/div>\n\t\t<div class=\"elementor-element elementor-element-7b0dd800 e-con-full e-flex e-con e-parent\" data-id=\"7b0dd800\" data-element_type=\"container\" data-e-type=\"container\">\n\t\t\t\t<div class=\"elementor-element elementor-element-4620bcb7 elementor-widget elementor-widget-heading\" data-id=\"4620bcb7\" data-element_type=\"widget\" data-e-type=\"widget\" data-widget_type=\"heading.default\">\n\t\t\t\t<div class=\"elementor-widget-container\">\n\t\t\t\t\t<h2 class=\"elementor-heading-title elementor-size-default\">Slaughtering of Qurbani (Animal Sacrifice).<\/h2>\t\t\t\t<\/div>\n\t\t\t\t<\/div>\n\t\t\t\t<div class=\"elementor-element elementor-element-7a4ee0f8 elementor-widget elementor-widget-heading\" data-id=\"7a4ee0f8\" data-element_type=\"widget\" data-e-type=\"widget\" data-widget_type=\"heading.default\">\n\t\t\t\t<div class=\"elementor-widget-container\">\n\t\t\t\t\t<p class=\"elementor-heading-title elementor-size-default\">The Sadaqah Qurbani is a voluntary animal sacrifice performed by Muslims with the intention of gaining closeness, blessings, and rewards from Allah. After the animal is slaughtered, the meat is distributed among the poor and needy.\n\nUnlike the obligatory Qurbani, the Sadaqah Qurbani can be performed at any time of the year and regardless of a person\u2019s circumstances. <\/p>\t\t\t\t<\/div>\n\t\t\t\t<\/div>\n\t\t\t\t<div class=\"elementor-element elementor-element-6946ac6c elementor-widget elementor-widget-heading\" data-id=\"6946ac6c\" data-element_type=\"widget\" data-e-type=\"widget\" data-widget_type=\"heading.default\">\n\t\t\t\t<div class=\"elementor-widget-container\">\n\t\t\t\t\t<p class=\"elementor-heading-title elementor-size-default\">The Sadaqah Qurbani can also be performed on behalf of others, such as close relatives, with the intention that the meat of the sacrifice is given as charity for the sake of Allah\u2019s pleasure.<\/p>\t\t\t\t<\/div>\n\t\t\t\t<\/div>\n\t\t\t\t<div class=\"elementor-element elementor-element-3ed7356 elementor-widget elementor-widget-image\" data-id=\"3ed7356\" data-element_type=\"widget\" data-e-type=\"widget\" data-widget_type=\"image.default\">\n\t\t\t\t<div class=\"elementor-widget-container\">\n\t\t\t\t\t\t\t\t\t\t\t\t\t\t\t<img fetchpriority=\"high\" decoding=\"async\" width=\"300\" height=\"223\" src=\"https:\/\/paujeskajete.com\/wp-content\/uploads\/2024\/06\/therja-e-kurbanit-ne-afrike-300x223.jpg\" class=\"attachment-medium size-medium wp-image-3323\" alt=\"\" srcset=\"https:\/\/paujeskajete.com\/wp-content\/uploads\/2024\/06\/therja-e-kurbanit-ne-afrike-300x223.jpg 300w, https:\/\/paujeskajete.com\/wp-content\/uploads\/2024\/06\/therja-e-kurbanit-ne-afrike-768x570.jpg 768w, https:\/\/paujeskajete.com\/wp-content\/uploads\/2024\/06\/therja-e-kurbanit-ne-afrike.jpg 971w\" sizes=\"(max-width: 300px) 100vw, 300px\" \/>\t\t\t\t\t\t\t\t\t\t\t\t\t\t\t<\/div>\n\t\t\t\t<\/div>\n\t\t\t\t<\/div>\n\t\t<div class=\"elementor-element elementor-element-6bae2750 e-con-full e-flex e-con e-parent\" data-id=\"6bae2750\" data-element_type=\"container\" data-e-type=\"container\">\n\t\t<div class=\"elementor-element elementor-element-25139a41 e-con-full e-flex e-con e-child\" data-id=\"25139a41\" data-element_type=\"container\" data-e-type=\"container\">\n\t\t\t\t<div class=\"elementor-element elementor-element-2b56c479 elementor-widget__width-inherit elementor-widget elementor-widget-heading\" data-id=\"2b56c479\" data-element_type=\"widget\" data-e-type=\"widget\" data-widget_type=\"heading.default\">\n\t\t\t\t<div class=\"elementor-widget-container\">\n\t\t\t\t\t<h2 class=\"elementor-heading-title elementor-size-default\">Make a sacrifice (qurban) and give charity (sadaqah).<\/h2>\t\t\t\t<\/div>\n\t\t\t\t<\/div>\n\t\t\t\t<div class=\"elementor-element elementor-element-52150f69 elementor-widget elementor-widget-heading\" data-id=\"52150f69\" data-element_type=\"widget\" data-e-type=\"widget\" data-widget_type=\"heading.default\">\n\t\t\t\t<div class=\"elementor-widget-container\">\n\t\t\t\t\t<p class=\"elementor-heading-title elementor-size-default\">A voluntary animal sacrifice offered as Sadaqah to seek closeness, blessings, and rewards from Allah.<\/p>\t\t\t\t<\/div>\n\t\t\t\t<\/div>\n\t\t\t\t<div class=\"elementor-element elementor-element-e643310 elementor-widget elementor-widget-heading\" data-id=\"e643310\" data-element_type=\"widget\" data-e-type=\"widget\" data-widget_type=\"heading.default\">\n\t\t\t\t<div class=\"elementor-widget-container\">\n\t\t\t\t\t<p class=\"elementor-heading-title elementor-size-default\">Sadaqah sacrifice can provide vulnerable families with nourishing food and allow them to share a meal together. For many, this may be one of the only times they have the opportunity to eat meat all year. By helping and pleasing Allah\u2019s creations, we gain blessings and immense rewards in this life and the hereafter. <\/p>\t\t\t\t<\/div>\n\t\t\t\t<\/div>\n\t\t\t\t<\/div>\n\t\t<div class=\"elementor-element elementor-element-6e23f900 e-con-full e-flex e-con e-child\" data-id=\"6e23f900\" data-element_type=\"container\" data-e-type=\"container\">\n\t\t\t\t<div class=\"elementor-element elementor-element-37410fc0 elementor-widget elementor-widget-image\" data-id=\"37410fc0\" data-element_type=\"widget\" data-e-type=\"widget\" data-widget_type=\"image.default\">\n\t\t\t\t<div class=\"elementor-widget-container\">\n\t\t\t\t\t\t\t\t\t\t\t\t\t\t\t<img decoding=\"async\" src=\"https:\/\/paujeskajete.com\/wp-content\/uploads\/2024\/06\/Kurban-ne-afrike-akik.png\" title=\"\" alt=\"\" loading=\"lazy\" \/>\t\t\t\t\t\t\t\t\t\t\t\t\t\t\t<\/div>\n\t\t\t\t<\/div>\n\t\t\t\t<\/div>\n\t\t\t\t<\/div>\n\t\t<div class=\"elementor-element elementor-element-209feaf e-flex e-con-boxed e-con e-parent\" data-id=\"209feaf\" data-element_type=\"container\" data-e-type=\"container\" data-settings=\"{&quot;background_background&quot;:&quot;classic&quot;}\">\n\t\t\t\t\t<div class=\"e-con-inner\">\n\t\t<div class=\"elementor-element elementor-element-51bacb4 e-con-full e-flex e-con e-child\" data-id=\"51bacb4\" data-element_type=\"container\" data-e-type=\"container\" data-settings=\"{&quot;background_background&quot;:&quot;classic&quot;}\">\n\t\t\t\t<div class=\"elementor-element elementor-element-2ebed6b request__content-title elementor-widget elementor-widget-heading\" data-id=\"2ebed6b\" data-element_type=\"widget\" data-e-type=\"widget\" data-widget_type=\"heading.default\">\n\t\t\t\t<div class=\"elementor-widget-container\">\n\t\t\t\t\t<h2 class=\"elementor-heading-title elementor-size-default\"><span>ONE DROP OF WATER<\/span> ONE SMILE!<\/h2>\t\t\t\t<\/div>\n\t\t\t\t<\/div>\n\t\t\t\t<div class=\"elementor-element elementor-element-be1bf98 elementor-widget elementor-widget-tg-phone\" data-id=\"be1bf98\" data-element_type=\"widget\" data-e-type=\"widget\" data-widget_type=\"tg-phone.default\">\n\t\t\t\t<div class=\"elementor-widget-container\">\n\t\t\t\t\t\r\n                    <div class=\"tg-phone\">\r\n                <div class=\"icon\">\r\n                    <i class=\"flaticon-phone-call\"><\/i>\r\n                <\/div>\r\n                <div class=\"content\">\r\n                                            <span>Tel \/ Viber \/ WhatsApp<\/span>\r\n                                                                <a href=\"tel:+49 176 81317154\">+49 176 81317154<\/a>\r\n                                    <\/div>\r\n            <\/div>\r\n        \t\t\t\t<\/div>\n\t\t\t\t<\/div>\n\t\t\t\t<div class=\"elementor-element elementor-element-97089c0 elementor-widget elementor-widget-tg-btn\" data-id=\"97089c0\" data-element_type=\"widget\" data-e-type=\"widget\" data-widget_type=\"tg-btn.default\">\n\t\t\t\t<div class=\"elementor-widget-container\">\n\t\t\t\t\t\r\n\r\n        \r\n                            <a href=\"\/en\/kontakt\/\" target=\"_blank\" rel=\"nofollow\" class=\"btn\">\r\n                    Contact Us                <\/a>\r\n            \r\n        \r\n\t\t\t\t<\/div>\n\t\t\t\t<\/div>\n\t\t\t\t<\/div>\n\t\t\t\t\t<\/div>\n\t\t\t\t<\/div>\n\t\t\t\t<\/div>","protected":false},"excerpt":{"rendered":"<p>Llojet: Kurban:Dele &amp; Lop\u00eb Location:Afrik\u00eb, Pakistan &amp; Indi Therja e Kurbanave. Kurbani i Sadakas\u00eb \u00ebsht\u00eb nj\u00eb kurban fakultativ i kafsh\u00ebve q\u00eb musliman\u00ebt e kryejn\u00eb me q\u00ebllim q\u00eb t\u00eb fitojn\u00eb af\u00ebrsi, bekime dhe shp\u00ebrblime nga Allahu. Pas flijimit t\u00eb kafsh\u00ebs, mishi shp\u00ebrndahet mes t\u00eb varf\u00ebrve dhe nevojtar\u00ebve. Ndryshe nga Kurbani, kurbani i Sadakas\u00eb mund t\u00eb b\u00ebhet [&hellip;]<\/p>\n","protected":false},"author":1,"featured_media":0,"parent":0,"menu_order":0,"comment_status":"closed","ping_status":"closed","template":"","meta":{"_acf_changed":false,"footnotes":""},"class_list":["post-3261","page","type-page","status-publish","hentry"],"acf":[],"aioseo_notices":[],"_links":{"self":[{"href":"https:\/\/paujeskajete.com\/en\/wp-json\/wp\/v2\/pages\/3261","targetHints":{"allow":["GET"]}}],"collection":[{"href":"https:\/\/paujeskajete.com\/en\/wp-json\/wp\/v2\/pages"}],"about":[{"href":"https:\/\/paujeskajete.com\/en\/wp-json\/wp\/v2\/types\/page"}],"author":[{"embeddable":true,"href":"https:\/\/paujeskajete.com\/en\/wp-json\/wp\/v2\/users\/1"}],"replies":[{"embeddable":true,"href":"https:\/\/paujeskajete.com\/en\/wp-json\/wp\/v2\/comments?post=3261"}],"version-history":[{"count":38,"href":"https:\/\/paujeskajete.com\/en\/wp-json\/wp\/v2\/pages\/3261\/revisions"}],"predecessor-version":[{"id":3586,"href":"https:\/\/paujeskajete.com\/en\/wp-json\/wp\/v2\/pages\/3261\/revisions\/3586"}],"wp:attachment":[{"href":"https:\/\/paujeskajete.com\/en\/wp-json\/wp\/v2\/media?parent=3261"}],"curies":[{"name":"wp","href":"https:\/\/api.w.org\/{rel}","templated":true}]}}